{"id":127,"date":"2023-05-02T10:36:23","date_gmt":"2023-05-02T10:36:23","guid":{"rendered":"http:\/\/bodegaslarraz.com\/producto\/hat\/"},"modified":"2025-12-12T10:14:18","modified_gmt":"2025-12-12T10:14:18","slug":"caudum-se","status":"publish","type":"product","link":"https:\/\/bodegaslarraz.com\/en\/producto\/caudum-se\/","title":{"rendered":"CAUDUM Bodegas Larraz Selecci\u00f3n Especial 2019"},"content":{"rendered":"<p>Vino de la D.O.C La Rioja procedente de vi\u00f1edos con m\u00e1s de 40 a\u00f1os de edad, su cultivo es respetuoso con el medio ambiente, elaborado con \u201cUva en conversi\u00f3n a Vi\u00f1edo Ecol\u00f3gico\u201d y vendimia manual. VI\u00d1EDO TEMPRANILLO 100% sistema de poda \u201cEn vaso\u201d. No ha sido filtrado ni clarificado.<\/p>\n<p>94 puntos Gu\u00eda Vivir el Vino 2021<\/p>\n<h3>Al\u00e9rgenos y otros ingredientes especiales<\/h3>\n<p>Contiene Sulfitos. NO HA SIDO SOMETIDO A PROCESOS DE CLARIFICACI\u00d3N NI FILTRACION. SE RECOMIENDA DECANTAR YA QUE PUEDEN PRODUCIRSE DEP\u00d3SITOS NATURALES.<\/p>\n<h3>Detalle de las caracter\u00edsticas principales<\/h3>\n<h4>Nota de cata<\/h4>\n<p>Intensidad alta, con aromas de fruta en saz\u00f3n, recuerdos de granada, ciruela roja, notas especiadas, terrosas, de cueros negros, carb\u00f3n vegetal, ahumados y tostados integrados. La boca mantiene la amplitud arom\u00e1tica de la nariz e incluso se presenta m\u00e1s fresca, m\u00e1s viva, con frutas y especiados dulce. De tanino vivo, rica acidez riojana y un largo y persistente final de finas lacas.<\/p>\n<p>Servir este vino a una temperatura entre 16\u00ba y 18\u00ba, antes de ser servido es recomendable decantarlo.<br \/>\nMARIDAJE: Est\u00e1 especialmente recomendado para carnes rojas y comidas contundentes como Botillo, Cochinillo, cordero&#8230;<\/p>\n<h4>Proceso de elaboraci\u00f3n<\/h4>\n<p>Caudum se han elaborado de manera artesanal, la fermentaci\u00f3n alcoh\u00f3lica y la fermentaci\u00f3n malol\u00e1ctica se realiza en dep\u00f3sitos de acero inoxidable.<\/p>\n<h4>Envejecimiento<\/h4>\n<p>El vino envejece en barricas nuevas de roble franc\u00e9s Allier de durante un periodo de 12 meses con trasiego a los 6 meses.<\/p>\n<h4>Embotellado<\/h4>\n<p>Se embotella en la propiedad y se mantiene durante 12 meses en botella.<\/p>\n<h4>Botella<\/h4>\n<p>Bordelesa. CORCHO: Flor VI\u00d1EDO TEMPRANILLO 100% sistema de poda \u201cEn vaso\u201d.<\/p>\n<p>No ha sido filtrado ni clarificado.<\/p>\n<h4>Graduacion<\/h4>\n<p>14,5 % VOL<\/p>\n<p>&nbsp;<\/p>\n","protected":false},"excerpt":{"rendered":"<p>Vino de la D.O.C La Rioja procedente de vi\u00f1edos con m\u00e1s de 40 a\u00f1os de edad, su cultivo es respetuoso con el medio ambiente, elaborado con \u201cUva en conversi\u00f3n a Vi\u00f1edo Ecol\u00f3gico\u201d y vendimia manual. VI\u00d1EDO TEMPRANILLO 100% sistema de poda \u201cEn vaso\u201d. No ha sido filtrado ni clarificado.<\/p>\n<p>Precio unitario: 18\u20ac<\/p>\n<p>Estuche 3 botellas \u2013 54 \u20ac env\u00edo incluido<\/p>\n<p>Caja 6 botellas \u2013 108 \u20ac env\u00edo incluido<\/p>\n<p>&nbsp;<\/p>\n","protected":false},"featured_media":706,"comment_status":"open","ping_status":"closed","template":"","meta":[],"product_cat":[51],"product_tag":[],"_links":{"self":[{"href":"https:\/\/bodegaslarraz.com\/en\/wp-json\/wp\/v3\/product\/127"}],"collection":[{"href":"https:\/\/bodegaslarraz.com\/en\/wp-json\/wp\/v3\/product"}],"about":[{"href":"https:\/\/bodegaslarraz.com\/en\/wp-json\/wp\/v2\/types\/product"}],"replies":[{"embeddable":true,"href":"https:\/\/bodegaslarraz.com\/en\/wp-json\/wp\/v2\/comments?post=127"}],"wp:featuredmedia":[{"embeddable":true,"href":"https:\/\/bodegaslarraz.com\/en\/wp-json\/wp\/v2\/media\/706"}],"wp:attachment":[{"href":"https:\/\/bodegaslarraz.com\/en\/wp-json\/wp\/v2\/media?parent=127"}],"wp:term":[{"taxonomy":"product_cat","embeddable":true,"href":"https:\/\/bodegaslarraz.com\/en\/wp-json\/wp\/v2\/product_cat?post=127"},{"taxonomy":"product_tag","embeddable":true,"href":"https:\/\/bodegaslarraz.com\/en\/wp-json\/wp\/v2\/product_tag?post=127"}],"curies":[{"name":"wp","href":"https:\/\/api.w.org\/{rel}","templated":true}]}}